{"id":17,"date":"2023-07-25T09:38:15","date_gmt":"2023-07-25T09:38:15","guid":{"rendered":"https:\/\/clinicafernandeziriarte.com\/?page_id=17"},"modified":"2023-07-25T12:12:13","modified_gmt":"2023-07-25T12:12:13","slug":"politica-de-privacidad","status":"publish","type":"page","link":"https:\/\/clinicafernandeziriarte.com\/?page_id=17","title":{"rendered":"Pol\u00edtica de privacidad"},"content":{"rendered":"<div id=\"contentsContainer\" class=\"style-scope qowt-page\">\n<div id=\"contents\" class=\"style-scope qowt-page\">\n<p id=\"E276\" class=\"x-scope qowt-word-para-0\"><span id=\"E277\" class=\"qowt-font7-Helvetica\">Cl\u00ednica Fern\u00e1ndez Iriarte<\/span><span id=\"E278\" class=\"qowt-font7-Helvetica\"> <\/span><span id=\"E279\">para proteger los derechos individuales, sobre todo en relaci\u00f3n con los tratamientos automatizados y con voluntad de ser transparentes con el Usuario, ha establecido una pol\u00edtica que recoge el conjunto de dichos tratamientos, los fines perseguidos por estos \u00faltimos, la legitimidad de los mismos y tambi\u00e9n los instrumentos a disposici\u00f3n del Usuario para que pueda ejercer sus derechos.<\/span><\/p>\n<p id=\"E280\" class=\"x-scope qowt-word-para-0\"><span id=\"E281\">La navegaci\u00f3n en este sitio web implica la total aceptaci\u00f3n de las siguientes disposiciones y condiciones de utilizaci\u00f3n. Se aceptar\u00e1 la utilizaci\u00f3n de cookies. En caso de no estar de acuerdo env\u00eda\u00a0un correo electr\u00f3nico a <\/span><span id=\"E282\">info@<\/span><span id=\"E283\">clinicafernandeziriarte.com<\/span><\/p>\n<p id=\"E284\" class=\"x-scope qowt-word-para-0\"><span id=\"E285\">La versi\u00f3n actualizada de esta pol\u00edtica de privacidad es la \u00fanica aplicable durante la duraci\u00f3n del uso del sitio web hasta que no haya otra versi\u00f3n que la sustituya.<\/span><\/p>\n<p id=\"E286\" class=\"x-scope qowt-word-para-0\"><span id=\"E287\">Para una m\u00e1s informaci\u00f3n complementaria sobre la protecci\u00f3n de datos personales te invitamos a consultar la p\u00e1gina web de la AEPD (Agencia Espa\u00f1ola de Protecci\u00f3n de Datos)\u00a0https:\/\/www.agpd.es\/portalwebAGPD\/index-ides-idphp.php<\/span><\/p>\n<p id=\"E289\" class=\"x-scope qowt-word-para-0\"><span id=\"E290\">Recogida de datos<\/span><\/p>\n<p id=\"E291\" class=\"x-scope qowt-word-para-0\"><span id=\"E292\">Un dato de car\u00e1cter personal se refiere a toda la informaci\u00f3n referida a una persona f\u00edsica identificada o identificable (persona afectada). Se entiende como identificable una persona que pueda ser identificada, directa o indirectamente, sobre todo por referencia a un nombre, un n\u00famero de identificaci\u00f3n (DNI, NIF, NIE, pasaporte) o a uno o varios elementos espec\u00edficos, propios a su identidad f\u00edsica, fisiol\u00f3gica, gen\u00e9tica, ps\u00edquica, econ\u00f3mica, cultural o social.<\/span><\/p>\n<p id=\"E293\" class=\"x-scope qowt-word-para-0\"><span id=\"E294\">Los datos que con car\u00e1cter general ser\u00e1n recopilados son: Nombre y apellidos, direcci\u00f3n, correo electr\u00f3nico, n\u00famero de tel\u00e9fono, fecha de nacimiento, datos relacionados con medios de pago. Se podr\u00e1n recopilar otro tipo de datos siendo informado el Usuario.<\/span><\/p>\n<p id=\"E296\" class=\"x-scope qowt-word-para-0\"><span id=\"E297\">\u00bfCon qu\u00e9 finalidad se tratan\u00a0tus datos personales?<\/span><\/p>\n<p id=\"E298\" class=\"x-scope qowt-word-para-0\"><span id=\"E299\">La finalidad del tratamiento de los datos personales que se puedan recoger son usarlos principalmente por <\/span><span id=\"E300\">la web <\/span><span id=\"E301\">para la gesti\u00f3n de su relaci\u00f3n contigo,\u00a0poder ofrecerte productos y servicios de acuerdo con tus intereses, mejorar tu experiencia de usuario y en su caso, para el tratamiento de sus solicitudes, peticiones o pedidos. Se elaborar\u00e1 un perfil comercial en base a la informaci\u00f3n que le\u00a0facilites. No se realizar\u00e1n decisiones automatizadas en base a dicho perfil.<\/span><\/p>\n<p id=\"E302\" class=\"x-scope qowt-word-para-0\"><span id=\"E303\">Los datos proporcionados se conservar\u00e1n mientras se mantenga la relaci\u00f3n comercial, siempre que no se\u00a0solicite por el interesado su supresi\u00f3n, o durante los a\u00f1os necesarios para cumplir las obligaciones legales.<\/span><\/p>\n<\/div>\n<\/div>\n<div id=\"pageBorders\" class=\"style-scope qowt-page\" contenteditable=\"false\"><\/div>\n<div id=\"contentsContainer\" class=\"style-scope qowt-page\">\n<div id=\"contents\" class=\"style-scope qowt-page\">\n<p id=\"E305\" class=\"x-scope qowt-word-para-0\"><span id=\"E306\">Se registrar\u00e1n en el fichero de cliente y su tratamiento quedar\u00e1 registrado en el registro de tratamientos que debe llevar <\/span><span id=\"E307\" class=\"qowt-font7-Helvetica\">Cl\u00ednica Fern\u00e1ndez Iriarte<\/span><span id=\"E308\" class=\"qowt-font7-Helvetica\"> <\/span><span id=\"E309\">(antes del 25 de mayo de 2018 tambi\u00e9n podr\u00eda estar incluido en el fichero elaborado con los datos personales registrado en la AEPD (Agencia Espa\u00f1ola de Protecci\u00f3n de datos) u \u00f3rgano competente de las respectiva Comunidad Aut\u00f3noma). \u00a0<\/span><\/p>\n<p id=\"E310\" class=\"x-scope qowt-word-para-0\"><span id=\"E311\">\u00a0<\/span><\/p>\n<p id=\"E312\" class=\"x-scope qowt-word-para-0\"><span id=\"E313\">\u00bfCu\u00e1l es la legitimaci\u00f3n para el tratamiento de tus datos?<\/span><\/p>\n<p id=\"E314\" class=\"x-scope qowt-word-para-0\"><span id=\"E315\">La base legal para el tratamiento de tus\u00a0datos personales es:<\/span><\/p>\n<p id=\"E316\" class=\"x-scope qowt-word-para-0\"><span id=\"E317\">&#8211; La correcta ejecuci\u00f3n o cumplimiento del contrato<\/span><\/p>\n<p id=\"E318\" class=\"x-scope qowt-word-para-0\"><span id=\"E319\">&#8211; El inter\u00e9s leg\u00edtimo de<\/span><span id=\"E320\"> <\/span><span id=\"E321\" class=\"qowt-font7-Helvetica\">Cl\u00ednica Fern\u00e1ndez Iriarte<\/span><\/p>\n<p id=\"E322\" class=\"x-scope qowt-word-para-0\"><span id=\"E323\">&#8211; El consentimiento del usuario o cliente para el tratamiento de sus datos<\/span><\/p>\n<p id=\"E328\" class=\"x-scope qowt-word-para-0\"><span id=\"E329\">\u00bfA qu\u00e9 destinatarios se comunicar\u00e1n los datos?<\/span><\/p>\n<p id=\"E330\" class=\"x-scope qowt-word-para-0\"><span id=\"E331\">Los datos personales del Usuario podr\u00e1n eventualmente ser comunicados a terceros relacionados con <\/span><span id=\"E332\" class=\"qowt-font7-Helvetica\">Cl\u00ednica Fern\u00e1ndez Iriarte<\/span><span id=\"E333\" class=\"qowt-font7-Helvetica\"> <\/span><span id=\"E334\">por contrato para la realizaci\u00f3n de las tareas necesarias para la gesti\u00f3n de su cuenta como cliente y sin que tenga que dar su autorizaci\u00f3n.<\/span><\/p>\n<p id=\"E335\" class=\"x-scope qowt-word-para-0\"><span id=\"E336\">Tambi\u00e9n cuando tuvieran que hacerse comunicaciones a las autoridades en caso de que el Usuario hubiera realizado acciones contrarias a la Ley o incumplido el contenido del aviso legal.<\/span><\/p>\n<p id=\"E337\" class=\"x-scope qowt-word-para-0\"><span id=\"E338\">Los datos del Usuario podr\u00e1n comunicarse a otras empresas del grupo, si las hubiese, para fines administrativos internos que podr\u00edan suponer un tratamiento de esos datos.<\/span><\/p>\n<p id=\"E339\" class=\"x-scope qowt-word-para-0\"><span id=\"E340\">Los datos personales del Usuario podr\u00e1n transferirse a un tercer pa\u00eds o a una organizaci\u00f3n internacional, pero\u00a0se le deber\u00e1 informar cuando se vaya a producir esa transferencia, y de las condiciones de la misma y del destinatario.<\/span><\/p>\n<p id=\"E343\" class=\"x-scope qowt-word-para-0\"><span id=\"E344\">Cuando algunos datos sean obligatorios para acceder a funcionalidades concretas del sitio web, <\/span><span id=\"E345\" class=\"qowt-font7-Helvetica\">Cl\u00ednica Fern\u00e1ndez Iriarte<\/span><span id=\"E346\" class=\"qowt-font7-Helvetica\"> <\/span><span id=\"E347\">indicar\u00e1 dicho car\u00e1cter obligatorio en el momento de la recogida de datos del Usuario.<\/span><\/p>\n<p id=\"E351\" class=\"x-scope qowt-word-para-0\"><span id=\"E352\">Cookies<\/span><\/p>\n<p id=\"E353\" class=\"x-scope qowt-word-para-0\"><span id=\"E354\">Durante la primera navegaci\u00f3n, aparecer\u00e1 un banner\u00a0explicativo sobre el uso de cookies, que incluye la posibilidad de aceptar todas las cookies o solo las cookies t\u00e9cnicas, esenciales para el funcionamiento de la plataforma; con exclusi\u00f3n de las cookies anal\u00edticas y publicitarias.<\/span><\/p>\n<p id=\"E355\" class=\"x-scope qowt-word-para-0\"><span id=\"E356\">Para una mayor informaci\u00f3n consulte nuestra pol\u00edtica de cookies.<\/span><\/p>\n<\/div>\n<\/div>\n<div id=\"contentsContainer\" class=\"style-scope qowt-page\">\n<div id=\"contents\" class=\"style-scope qowt-page\">\n<p id=\"E359\" class=\"x-scope qowt-word-para-0\"><span id=\"E360\">Derechos del usuario<\/span><\/p>\n<p id=\"E361\" class=\"x-scope qowt-word-para-0\"><span id=\"E362\">Se informa al usuario de la posibilidad de ejercer sus derechos de acceso, rectificaci\u00f3n, cancelaci\u00f3n y oposici\u00f3n. Tambi\u00e9n cada persona dispone del derecho de limitaci\u00f3n del tratamiento relativo a su persona, de un derecho de eliminaci\u00f3n de transferencia de datos personales transmitidos al responsable del tratamiento y del derecho a la portabilidad de sus datos.<\/span><\/p>\n<p id=\"E363\" class=\"x-scope qowt-word-para-0\"><span id=\"E364\">El usuario tiene la posibilidad de presentar una reclamaci\u00f3n ante la AEPD (Agencia Espa\u00f1ola de Protecci\u00f3n de Datos) u organismo competente de la respectiva Comunidad Aut\u00f3noma, cuando no haya obtenido una soluci\u00f3n satisfactoria en el ejercicio de sus derechos mediante un escrito dirigido a la misma.\u00a0<\/span><\/p>\n<p id=\"E365\" class=\"x-scope qowt-word-para-0\"><span id=\"E366\">Salvo que el Usuario se oponga, enviando un email\u00a0a la direcci\u00f3n de correo electr\u00f3nico <\/span><span id=\"E367\">info@<\/span><span id=\"E368\">clinicafernandeziriarte.com<\/span><span id=\"E369\">, sus datos podr\u00e1n ser utilizados, en su caso, si procede, para el env\u00edo de informaci\u00f3n comercial de <\/span><span id=\"E370\" class=\"qowt-font7-Helvetica\">Cl\u00ednica Fern\u00e1ndez Iriarte.<\/span><\/p>\n<p id=\"E371\" class=\"x-scope qowt-word-para-0\"><span id=\"E372\">Los datos proporcionados se conservar\u00e1n mientras se mantenga la relaci\u00f3n comercial o durante los a\u00f1os necesarios para cumplir las obligaciones legales.<\/span><\/p>\n<p id=\"E373\" class=\"x-scope qowt-word-para-0\"><span id=\"E374\">El Usuario es responsable de que la informaci\u00f3n que proporcione a trav\u00e9s de esta p\u00e1gina web sea cierta, respondiendo de la exactitud\u00a0de todos los datos que comunique y mantendr\u00e1 actualizada la misma para que reflejen una situaci\u00f3n real, siendo responsable de informaciones falsas o inexactas que proporcione y de los da\u00f1os, molestias y problemas que pudieran causar a <\/span><span id=\"E375\" class=\"qowt-font7-Helvetica\">Cl\u00ednica Fern\u00e1ndez Iriarte<\/span><span id=\"E376\" class=\"qowt-font7-Helvetica\"> <\/span><span id=\"E377\">o a terceros.<\/span><\/p>\n<p id=\"E378\" class=\"x-scope qowt-word-para-0\"><span id=\"E379\">Esa informaci\u00f3n ser\u00e1 guardada y gestionada con la debida confidencialidad, aplicando las medidas de seguridad inform\u00e1tica\u00a0necesarias para impedir el acceso o uso indebido de sus datos, su manipulaci\u00f3n, deterioro o p\u00e9rdida.<\/span><\/p>\n<p id=\"E382\" class=\"x-scope qowt-word-para-0\"><span id=\"E383\">No obstante, el Usuario debe tener en cuenta que la seguridad de los sistemas inform\u00e1ticos nunca es absoluta. Cuando se facilitan datos personales por internet, dicha informaci\u00f3n pudiera ser recogida sin su consentimiento y tratada por terceros no autorizados.<\/span><\/p>\n<p id=\"E384\" class=\"x-scope qowt-word-para-0\"><span id=\"E385\" class=\"qowt-font7-Helvetica\">Cl\u00ednica Fern\u00e1ndez Iriarte<\/span><span id=\"E387\" class=\"qowt-font7-Helvetica\"> <\/span><span id=\"E388\">declina, cualquier tipo de responsabilidad\u00a0sobre las consecuencias de esos\u00a0actos puedan tener para el Usuario, si public\u00f3 la informaci\u00f3n voluntariamente.<\/span><\/p>\n<p id=\"E389\" class=\"x-scope qowt-word-para-0\"><span id=\"E390\">Podr\u00e1 acceder y ejercitar esos derechos mediante solicitud por escrito\u00a0<\/span><span id=\"E391\">enviada por correo electr\u00f3nico a <\/span><span id=\"E392\">info@<\/span><span id=\"E393\">clinicafernandeziriarte.com<\/span><span id=\"E394\">, adjuntando fotocopia del DNI o documento equivalente.<\/span><\/p>\n<p id=\"E395\" class=\"x-scope qowt-word-para-0\"><span id=\"E396\">Para tu informaci\u00f3n te indicamos que el Delegado de protecci\u00f3n de datos e<\/span><span id=\"E397\">s <\/span><span id=\"E398\">Javier Tom\u00e1s Fern\u00e1ndez Iriarte.<\/span><span id=\"E401\"> <\/span><\/p>\n<p id=\"E402\" class=\"x-scope qowt-word-para-0\"><span id=\"E404\"><br \/>\n<\/span><span id=\"E405\">Estos derechos ser\u00e1n atendidos, en el plazo de 1 mes, que podr\u00e1 ampliarse a 2 meses si la complejidad de la solicitud o el n\u00famero de solicitudes recibidas as\u00ed lo exige. Todo ello sin perjuicio del deber de conservar ciertos datos en los t\u00e9rminos legales y hasta que prescriban las posibles responsabilidades derivadas de un posible tratamiento, o, en su <\/span>caso, de una relaci\u00f3n contractual.<\/p>\n<\/div>\n<\/div>\n<div id=\"contentsContainer\" class=\"style-scope qowt-page\">\n<div id=\"contents\" class=\"style-scope qowt-page\">\n<p id=\"E406\" class=\"x-scope qowt-word-para-0\"><span id=\"E407\">Adem\u00e1s de lo anterior, y en relaci\u00f3n con\u00a0la normativa de protecci\u00f3n de datos, los usuarios que lo soliciten, tienen la posibilidad de organizar el destino de sus datos despu\u00e9s de su fallecimiento.\u00a0<\/span><\/p>\n<\/div>\n<\/div>\n","protected":false},"excerpt":{"rendered":"<p>Cl\u00ednica Fern\u00e1ndez Iriarte para proteger los derechos individuales, sobre todo en relaci\u00f3n con los tratamientos automatizados y con voluntad de ser transparentes con el Usuario, ha establecido una pol\u00edtica que recoge el conjunto de dichos tratamientos, los fines perseguidos por estos \u00faltimos, la legitimidad de los mismos y tambi\u00e9n los instrumentos a disposici\u00f3n del Usuario [&hellip;]<\/p>\n","protected":false},"author":1,"featured_media":0,"parent":0,"menu_order":0,"comment_status":"closed","ping_status":"closed","template":"","meta":{"footnotes":""},"class_list":["post-17","page","type-page","status-publish","hentry"],"yoast_head":"<!-- This site is optimized with the Yoast SEO plugin v21.2 - https:\/\/yoast.com\/wordpress\/plugins\/seo\/ -->\n<title>Pol\u00edtica de privacidad - Cl&iacute;nica Fern&aacute;ndez<\/title>\n<meta name=\"robots\" content=\"index, follow, max-snippet:-1, max-image-preview:large, max-video-preview:-1\" \/>\n<link rel=\"canonical\" href=\"https:\/\/clinicafernandeziriarte.com\/?page_id=17\" \/>\n<meta property=\"og:locale\" content=\"es_ES\" \/>\n<meta property=\"og:type\" content=\"article\" \/>\n<meta property=\"og:title\" content=\"Pol\u00edtica de privacidad - Cl&iacute;nica Fern&aacute;ndez\" \/>\n<meta property=\"og:description\" content=\"Cl\u00ednica Fern\u00e1ndez Iriarte para proteger los derechos individuales, sobre todo en relaci\u00f3n con los tratamientos automatizados y con voluntad de ser transparentes con el Usuario, ha establecido una pol\u00edtica que recoge el conjunto de dichos tratamientos, los fines perseguidos por estos \u00faltimos, la legitimidad de los mismos y tambi\u00e9n los instrumentos a disposici\u00f3n del Usuario [&hellip;]\" \/>\n<meta property=\"og:url\" content=\"https:\/\/clinicafernandeziriarte.com\/?page_id=17\" \/>\n<meta property=\"og:site_name\" content=\"Cl&iacute;nica Fern&aacute;ndez\" \/>\n<meta property=\"article:modified_time\" content=\"2023-07-25T12:12:13+00:00\" \/>\n<meta name=\"twitter:card\" content=\"summary_large_image\" \/>\n<meta name=\"twitter:label1\" content=\"Tiempo de lectura\" \/>\n\t<meta name=\"twitter:data1\" content=\"7 minutos\" \/>\n<script type=\"application\/ld+json\" class=\"yoast-schema-graph\">{\"@context\":\"https:\/\/schema.org\",\"@graph\":[{\"@type\":\"WebPage\",\"@id\":\"https:\/\/clinicafernandeziriarte.com\/?page_id=17\",\"url\":\"https:\/\/clinicafernandeziriarte.com\/?page_id=17\",\"name\":\"Pol\u00edtica de privacidad - Cl&iacute;nica Fern&aacute;ndez\",\"isPartOf\":{\"@id\":\"https:\/\/clinicafernandeziriarte.com\/#website\"},\"datePublished\":\"2023-07-25T09:38:15+00:00\",\"dateModified\":\"2023-07-25T12:12:13+00:00\",\"breadcrumb\":{\"@id\":\"https:\/\/clinicafernandeziriarte.com\/?page_id=17#breadcrumb\"},\"inLanguage\":\"es\",\"potentialAction\":[{\"@type\":\"ReadAction\",\"target\":[\"https:\/\/clinicafernandeziriarte.com\/?page_id=17\"]}]},{\"@type\":\"BreadcrumbList\",\"@id\":\"https:\/\/clinicafernandeziriarte.com\/?page_id=17#breadcrumb\",\"itemListElement\":[{\"@type\":\"ListItem\",\"position\":1,\"name\":\"Portada\",\"item\":\"https:\/\/clinicafernandeziriarte.com\/\"},{\"@type\":\"ListItem\",\"position\":2,\"name\":\"Pol\u00edtica de privacidad\"}]},{\"@type\":\"WebSite\",\"@id\":\"https:\/\/clinicafernandeziriarte.com\/#website\",\"url\":\"https:\/\/clinicafernandeziriarte.com\/\",\"name\":\"Cl&iacute;nica Fern&aacute;ndez\",\"description\":\"Cl&iacute;nica de Fisioterapia especializada en terapia manual para el cuidado de su salud.\",\"potentialAction\":[{\"@type\":\"SearchAction\",\"target\":{\"@type\":\"EntryPoint\",\"urlTemplate\":\"https:\/\/clinicafernandeziriarte.com\/?s={search_term_string}\"},\"query-input\":\"required name=search_term_string\"}],\"inLanguage\":\"es\"}]}<\/script>\n<!-- \/ Yoast SEO plugin. -->","yoast_head_json":{"title":"Pol\u00edtica de privacidad - Cl&iacute;nica Fern&aacute;ndez","robots":{"index":"index","follow":"follow","max-snippet":"max-snippet:-1","max-image-preview":"max-image-preview:large","max-video-preview":"max-video-preview:-1"},"canonical":"https:\/\/clinicafernandeziriarte.com\/?page_id=17","og_locale":"es_ES","og_type":"article","og_title":"Pol\u00edtica de privacidad - Cl&iacute;nica Fern&aacute;ndez","og_description":"Cl\u00ednica Fern\u00e1ndez Iriarte para proteger los derechos individuales, sobre todo en relaci\u00f3n con los tratamientos automatizados y con voluntad de ser transparentes con el Usuario, ha establecido una pol\u00edtica que recoge el conjunto de dichos tratamientos, los fines perseguidos por estos \u00faltimos, la legitimidad de los mismos y tambi\u00e9n los instrumentos a disposici\u00f3n del Usuario [&hellip;]","og_url":"https:\/\/clinicafernandeziriarte.com\/?page_id=17","og_site_name":"Cl&iacute;nica Fern&aacute;ndez","article_modified_time":"2023-07-25T12:12:13+00:00","twitter_card":"summary_large_image","twitter_misc":{"Tiempo de lectura":"7 minutos"},"schema":{"@context":"https:\/\/schema.org","@graph":[{"@type":"WebPage","@id":"https:\/\/clinicafernandeziriarte.com\/?page_id=17","url":"https:\/\/clinicafernandeziriarte.com\/?page_id=17","name":"Pol\u00edtica de privacidad - Cl&iacute;nica Fern&aacute;ndez","isPartOf":{"@id":"https:\/\/clinicafernandeziriarte.com\/#website"},"datePublished":"2023-07-25T09:38:15+00:00","dateModified":"2023-07-25T12:12:13+00:00","breadcrumb":{"@id":"https:\/\/clinicafernandeziriarte.com\/?page_id=17#breadcrumb"},"inLanguage":"es","potentialAction":[{"@type":"ReadAction","target":["https:\/\/clinicafernandeziriarte.com\/?page_id=17"]}]},{"@type":"BreadcrumbList","@id":"https:\/\/clinicafernandeziriarte.com\/?page_id=17#breadcrumb","itemListElement":[{"@type":"ListItem","position":1,"name":"Portada","item":"https:\/\/clinicafernandeziriarte.com\/"},{"@type":"ListItem","position":2,"name":"Pol\u00edtica de privacidad"}]},{"@type":"WebSite","@id":"https:\/\/clinicafernandeziriarte.com\/#website","url":"https:\/\/clinicafernandeziriarte.com\/","name":"Cl&iacute;nica Fern&aacute;ndez","description":"Cl&iacute;nica de Fisioterapia especializada en terapia manual para el cuidado de su salud.","potentialAction":[{"@type":"SearchAction","target":{"@type":"EntryPoint","urlTemplate":"https:\/\/clinicafernandeziriarte.com\/?s={search_term_string}"},"query-input":"required name=search_term_string"}],"inLanguage":"es"}]}},"_links":{"self":[{"href":"https:\/\/clinicafernandeziriarte.com\/index.php?rest_route=\/wp\/v2\/pages\/17","targetHints":{"allow":["GET"]}}],"collection":[{"href":"https:\/\/clinicafernandeziriarte.com\/index.php?rest_route=\/wp\/v2\/pages"}],"about":[{"href":"https:\/\/clinicafernandeziriarte.com\/index.php?rest_route=\/wp\/v2\/types\/page"}],"author":[{"embeddable":true,"href":"https:\/\/clinicafernandeziriarte.com\/index.php?rest_route=\/wp\/v2\/users\/1"}],"replies":[{"embeddable":true,"href":"https:\/\/clinicafernandeziriarte.com\/index.php?rest_route=%2Fwp%2Fv2%2Fcomments&post=17"}],"version-history":[{"count":3,"href":"https:\/\/clinicafernandeziriarte.com\/index.php?rest_route=\/wp\/v2\/pages\/17\/revisions"}],"predecessor-version":[{"id":188,"href":"https:\/\/clinicafernandeziriarte.com\/index.php?rest_route=\/wp\/v2\/pages\/17\/revisions\/188"}],"wp:attachment":[{"href":"https:\/\/clinicafernandeziriarte.com\/index.php?rest_route=%2Fwp%2Fv2%2Fmedia&parent=17"}],"curies":[{"name":"wp","href":"https:\/\/api.w.org\/{rel}","templated":true}]}}