{"id":254,"date":"2023-08-19T09:45:25","date_gmt":"2023-08-19T09:45:25","guid":{"rendered":"https:\/\/clinicafernandeziriarte.com\/?page_id=254"},"modified":"2023-08-19T09:49:17","modified_gmt":"2023-08-19T09:49:17","slug":"pilates-maquinas","status":"publish","type":"page","link":"https:\/\/clinicafernandeziriarte.com\/?page_id=254","title":{"rendered":"Pilates M\u00e1quinas"},"content":{"rendered":"\t\t<div data-elementor-type=\"wp-page\" data-elementor-id=\"254\" class=\"elementor elementor-254\" data-elementor-post-type=\"page\">\n\t\t\t\t\t\t\t\t\t<section class=\"elementor-section elementor-top-section elementor-element elementor-element-be8893c elementor-section-boxed elementor-section-height-default elementor-section-height-default\" data-id=\"be8893c\" data-element_type=\"section\">\n\t\t\t\t\t\t<div class=\"elementor-container elementor-column-gap-default\">\n\t\t\t\t\t<div class=\"elementor-column elementor-col-100 elementor-top-column elementor-element elementor-element-27ae648\" data-id=\"27ae648\" data-element_type=\"column\">\n\t\t\t<div class=\"elementor-widget-wrap elementor-element-populated\">\n\t\t\t\t\t\t\t\t<div class=\"elementor-element elementor-element-670a5b1 elementor-widget elementor-widget-text-editor\" data-id=\"670a5b1\" data-element_type=\"widget\" data-widget_type=\"text-editor.default\">\n\t\t\t\t<div class=\"elementor-widget-container\">\n\t\t\t<style>\/*! elementor - v3.16.0 - 20-09-2023 *\/\n.elementor-widget-text-editor.elementor-drop-cap-view-stacked .elementor-drop-cap{background-color:#69727d;color:#fff}.elementor-widget-text-editor.elementor-drop-cap-view-framed .elementor-drop-cap{color:#69727d;border:3px solid;background-color:transparent}.elementor-widget-text-editor:not(.elementor-drop-cap-view-default) .elementor-drop-cap{margin-top:8px}.elementor-widget-text-editor:not(.elementor-drop-cap-view-default) .elementor-drop-cap-letter{width:1em;height:1em}.elementor-widget-text-editor .elementor-drop-cap{float:left;text-align:center;line-height:1;font-size:50px}.elementor-widget-text-editor .elementor-drop-cap-letter{display:inline-block}<\/style>\t\t\t\t<p>Los ejercicios de Pilates est\u00e1n destinados a mejorar la funci\u00f3n corporal en fases iniciales de tratamiento de una patolog\u00eda, en fases posteriores de mantenimiento o mejora del estado f\u00edsico, e incluso a nivel deportivo, previniendo lesiones y mejorando del rendimiento. Adem\u00e1s, es una de las herramientas con la que cuenta el fisioterapeuta para aplicar ejercicio terap\u00e9utico en sus pacientes.<\/p><p><strong>Los objetivos del pilates son:<\/strong><\/p><p>&#8211; Mejora de la respiraci\u00f3n<br \/>&#8211; Aumento de la fuerza<br \/>&#8211; Tonificaci\u00f3n muscular<br \/>&#8211; Aumento de la flexibilidad<\/p>\t\t\t\t\t\t<\/div>\n\t\t\t\t<\/div>\n\t\t\t\t<div class=\"elementor-element elementor-element-cfb12b6 elementor-widget elementor-widget-gallery\" data-id=\"cfb12b6\" data-element_type=\"widget\" data-settings=\"{&quot;aspect_ratio&quot;:&quot;1:1&quot;,&quot;columns&quot;:5,&quot;lazyload&quot;:&quot;yes&quot;,&quot;gallery_layout&quot;:&quot;grid&quot;,&quot;columns_tablet&quot;:2,&quot;columns_mobile&quot;:1,&quot;gap&quot;:{&quot;unit&quot;:&quot;px&quot;,&quot;size&quot;:10,&quot;sizes&quot;:[]},&quot;gap_tablet&quot;:{&quot;unit&quot;:&quot;px&quot;,&quot;size&quot;:10,&quot;sizes&quot;:[]},&quot;gap_mobile&quot;:{&quot;unit&quot;:&quot;px&quot;,&quot;size&quot;:10,&quot;sizes&quot;:[]},&quot;link_to&quot;:&quot;file&quot;,&quot;content_hover_animation&quot;:&quot;fade-in&quot;}\" data-widget_type=\"gallery.default\">\n\t\t\t\t<div class=\"elementor-widget-container\">\n\t\t\t<style>\/*! elementor-pro - v3.16.0 - 20-09-2023 *\/\n.elementor-gallery__container{min-height:1px}.elementor-gallery-item{position:relative;overflow:hidden;display:block;text-decoration:none;border:solid var(--image-border-width) var(--image-border-color);border-radius:var(--image-border-radius)}.elementor-gallery-item__content,.elementor-gallery-item__overlay{height:100%;width:100%;position:absolute;top:0;left:0}.elementor-gallery-item__overlay{mix-blend-mode:var(--overlay-mix-blend-mode);transition-duration:var(--overlay-transition-duration);transition-property:mix-blend-mode,transform,opacity,background-color}.elementor-gallery-item__image.e-gallery-image{transition-duration:var(--image-transition-duration);transition-property:filter,transform}.elementor-gallery-item__content{display:flex;flex-direction:column;justify-content:var(--content-justify-content,center);align-items:center;text-align:var(--content-text-align);padding:var(--content-padding)}.elementor-gallery-item__content>div{transition-duration:var(--content-transition-duration)}.elementor-gallery-item__content.elementor-gallery--sequenced-animation>div:nth-child(2){transition-delay:calc(var(--content-transition-delay) \/ 3)}.elementor-gallery-item__content.elementor-gallery--sequenced-animation>div:nth-child(3){transition-delay:calc(var(--content-transition-delay) \/ 3 * 2)}.elementor-gallery-item__content.elementor-gallery--sequenced-animation>div:nth-child(4){transition-delay:calc(var(--content-transition-delay) \/ 3 * 3)}.elementor-gallery-item__description{color:var(--description-text-color,#fff);width:100%}.elementor-gallery-item__title{color:var(--title-text-color,#fff);font-weight:700;width:100%}.elementor-gallery__titles-container{display:flex;flex-wrap:wrap;justify-content:var(--titles-container-justify-content,center);margin-bottom:20px}.elementor-gallery__titles-container:not(.e--pointer-framed) .elementor-item:after,.elementor-gallery__titles-container:not(.e--pointer-framed) .elementor-item:before{background-color:var(--galleries-pointer-bg-color-hover)}.elementor-gallery__titles-container:not(.e--pointer-framed) .elementor-item.elementor-item-active:after,.elementor-gallery__titles-container:not(.e--pointer-framed) .elementor-item.elementor-item-active:before{background-color:var(--galleries-pointer-bg-color-active)}.elementor-gallery__titles-container.e--pointer-framed .elementor-item:before{border-color:var(--galleries-pointer-bg-color-hover);border-width:var(--galleries-pointer-border-width)}.elementor-gallery__titles-container.e--pointer-framed .elementor-item:after{border-color:var(--galleries-pointer-bg-color-hover)}.elementor-gallery__titles-container.e--pointer-framed .elementor-item.elementor-item-active:after,.elementor-gallery__titles-container.e--pointer-framed .elementor-item.elementor-item-active:before{border-color:var(--galleries-pointer-bg-color-active)}.elementor-gallery__titles-container.e--pointer-framed.e--animation-draw .elementor-item:before{border-left-width:var(--galleries-pointer-border-width);border-bottom-width:var(--galleries-pointer-border-width);border-right-width:0;border-top-width:0}.elementor-gallery__titles-container.e--pointer-framed.e--animation-draw .elementor-item:after{border-left-width:0;border-bottom-width:0;border-right-width:var(--galleries-pointer-border-width);border-top-width:var(--galleries-pointer-border-width)}.elementor-gallery__titles-container.e--pointer-framed.e--animation-corners .elementor-item:before{border-left-width:var(--galleries-pointer-border-width);border-bottom-width:0;border-right-width:0;border-top-width:var(--galleries-pointer-border-width)}.elementor-gallery__titles-container.e--pointer-framed.e--animation-corners .elementor-item:after{border-left-width:0;border-bottom-width:var(--galleries-pointer-border-width);border-right-width:var(--galleries-pointer-border-width);border-top-width:0}.elementor-gallery__titles-container .e--pointer-double-line .elementor-item:after,.elementor-gallery__titles-container .e--pointer-double-line .elementor-item:before,.elementor-gallery__titles-container .e--pointer-overline .elementor-item:before,.elementor-gallery__titles-container .e--pointer-underline .elementor-item:after{height:var(--galleries-pointer-border-width)}.elementor-gallery-title{--space-between:10px;cursor:pointer;color:#6d7882;font-weight:500;position:relative;padding:7px 14px;transition:all .3s}.elementor-gallery-title--active{color:#495157}.elementor-gallery-title:not(:last-child){margin-right:var(--space-between)}.elementor-gallery-item__title+.elementor-gallery-item__description{margin-top:var(--description-margin-top)}.e-gallery-item.elementor-gallery-item{transition-property:all}.e-gallery-item.elementor-animated-content .elementor-animated-item--enter-from-bottom,.e-gallery-item.elementor-animated-content .elementor-animated-item--enter-from-left,.e-gallery-item.elementor-animated-content .elementor-animated-item--enter-from-right,.e-gallery-item.elementor-animated-content .elementor-animated-item--enter-from-top,.e-gallery-item:focus .elementor-gallery__item-overlay-bg,.e-gallery-item:focus .elementor-gallery__item-overlay-content,.e-gallery-item:focus .elementor-gallery__item-overlay-content__description,.e-gallery-item:focus .elementor-gallery__item-overlay-content__title,.e-gallery-item:hover .elementor-gallery__item-overlay-bg,.e-gallery-item:hover .elementor-gallery__item-overlay-content,.e-gallery-item:hover .elementor-gallery__item-overlay-content__description,.e-gallery-item:hover .elementor-gallery__item-overlay-content__title{opacity:1}a.elementor-item.elementor-gallery-title{color:var(--galleries-title-color-normal)}a.elementor-item.elementor-gallery-title.elementor-item-active,a.elementor-item.elementor-gallery-title.highlighted,a.elementor-item.elementor-gallery-title:focus,a.elementor-item.elementor-gallery-title:hover{color:var(--galleries-title-color-hover)}a.elementor-item.elementor-gallery-title.elementor-item-active{color:var(--gallery-title-color-active)}.e-con-inner>.elementor-widget-gallery,.e-con>.elementor-widget-gallery{width:var(--container-widget-width);--flex-grow:var(--container-widget-flex-grow)}<\/style>\t\t<div class=\"elementor-gallery__container\">\n\t\t\t\t\t\t\t<a class=\"e-gallery-item elementor-gallery-item elementor-animated-content\" href=\"https:\/\/clinicafernandeziriarte.com\/wp-content\/uploads\/2023\/08\/tomecano7-fotografos-40-de-63.jpg\" data-elementor-open-lightbox=\"yes\" data-elementor-lightbox-slideshow=\"cfb12b6\" data-elementor-lightbox-title=\"tomecano7-fot\u00f3grafos-(40-de-63)\" data-e-action-hash=\"#elementor-action%3Aaction%3Dlightbox%26settings%3DeyJpZCI6MjYwLCJ1cmwiOiJodHRwczpcL1wvY2xpbmljYWZlcm5hbmRlemlyaWFydGUuY29tXC93cC1jb250ZW50XC91cGxvYWRzXC8yMDIzXC8wOFwvdG9tZWNhbm83LWZvdG9ncmFmb3MtNDAtZGUtNjMuanBnIiwic2xpZGVzaG93IjoiY2ZiMTJiNiJ9\">\n\t\t\t\t\t<div class=\"e-gallery-image elementor-gallery-item__image\" data-thumbnail=\"https:\/\/clinicafernandeziriarte.com\/wp-content\/uploads\/2023\/08\/tomecano7-fotografos-40-de-63-768x513.jpg\" data-width=\"768\" data-height=\"513\" aria-label=\"\" role=\"img\" ><\/div>\n\t\t\t\t\t\t\t\t\t\t\t\t\t\t<\/a>\n\t\t\t\t\t\t\t<a class=\"e-gallery-item elementor-gallery-item elementor-animated-content\" href=\"https:\/\/clinicafernandeziriarte.com\/wp-content\/uploads\/2023\/08\/tomecano7-fotografos-42-de-63.jpg\" data-elementor-open-lightbox=\"yes\" data-elementor-lightbox-slideshow=\"cfb12b6\" data-elementor-lightbox-title=\"tomecano7-fot\u00f3grafos-(42-de-63)\" data-e-action-hash=\"#elementor-action%3Aaction%3Dlightbox%26settings%3DeyJpZCI6MjYxLCJ1cmwiOiJodHRwczpcL1wvY2xpbmljYWZlcm5hbmRlemlyaWFydGUuY29tXC93cC1jb250ZW50XC91cGxvYWRzXC8yMDIzXC8wOFwvdG9tZWNhbm83LWZvdG9ncmFmb3MtNDItZGUtNjMuanBnIiwic2xpZGVzaG93IjoiY2ZiMTJiNiJ9\">\n\t\t\t\t\t<div class=\"e-gallery-image elementor-gallery-item__image\" data-thumbnail=\"https:\/\/clinicafernandeziriarte.com\/wp-content\/uploads\/2023\/08\/tomecano7-fotografos-42-de-63-768x513.jpg\" data-width=\"768\" data-height=\"513\" aria-label=\"\" role=\"img\" ><\/div>\n\t\t\t\t\t\t\t\t\t\t\t\t\t\t<\/a>\n\t\t\t\t\t\t\t<a class=\"e-gallery-item elementor-gallery-item elementor-animated-content\" href=\"https:\/\/clinicafernandeziriarte.com\/wp-content\/uploads\/2023\/08\/tomecano7-fotografos-48-de-63.jpg\" data-elementor-open-lightbox=\"yes\" data-elementor-lightbox-slideshow=\"cfb12b6\" data-elementor-lightbox-title=\"tomecano7-fot\u00f3grafos-(48-de-63)\" data-e-action-hash=\"#elementor-action%3Aaction%3Dlightbox%26settings%3DeyJpZCI6MjYyLCJ1cmwiOiJodHRwczpcL1wvY2xpbmljYWZlcm5hbmRlemlyaWFydGUuY29tXC93cC1jb250ZW50XC91cGxvYWRzXC8yMDIzXC8wOFwvdG9tZWNhbm83LWZvdG9ncmFmb3MtNDgtZGUtNjMuanBnIiwic2xpZGVzaG93IjoiY2ZiMTJiNiJ9\">\n\t\t\t\t\t<div class=\"e-gallery-image elementor-gallery-item__image\" data-thumbnail=\"https:\/\/clinicafernandeziriarte.com\/wp-content\/uploads\/2023\/08\/tomecano7-fotografos-48-de-63-768x513.jpg\" data-width=\"768\" data-height=\"513\" aria-label=\"\" role=\"img\" ><\/div>\n\t\t\t\t\t\t\t\t\t\t\t\t\t\t<\/a>\n\t\t\t\t\t\t\t<a class=\"e-gallery-item elementor-gallery-item elementor-animated-content\" href=\"https:\/\/clinicafernandeziriarte.com\/wp-content\/uploads\/2023\/08\/tomecano7-fotografos-49-de-63.jpg\" data-elementor-open-lightbox=\"yes\" data-elementor-lightbox-slideshow=\"cfb12b6\" data-elementor-lightbox-title=\"tomecano7-fot\u00f3grafos-(49-de-63)\" data-e-action-hash=\"#elementor-action%3Aaction%3Dlightbox%26settings%3DeyJpZCI6MjYzLCJ1cmwiOiJodHRwczpcL1wvY2xpbmljYWZlcm5hbmRlemlyaWFydGUuY29tXC93cC1jb250ZW50XC91cGxvYWRzXC8yMDIzXC8wOFwvdG9tZWNhbm83LWZvdG9ncmFmb3MtNDktZGUtNjMuanBnIiwic2xpZGVzaG93IjoiY2ZiMTJiNiJ9\">\n\t\t\t\t\t<div class=\"e-gallery-image elementor-gallery-item__image\" data-thumbnail=\"https:\/\/clinicafernandeziriarte.com\/wp-content\/uploads\/2023\/08\/tomecano7-fotografos-49-de-63-768x513.jpg\" data-width=\"768\" data-height=\"513\" aria-label=\"\" role=\"img\" ><\/div>\n\t\t\t\t\t\t\t\t\t\t\t\t\t\t<\/a>\n\t\t\t\t\t\t\t<a class=\"e-gallery-item elementor-gallery-item elementor-animated-content\" href=\"https:\/\/clinicafernandeziriarte.com\/wp-content\/uploads\/2023\/08\/tomecano7-fotografos-57-de-63.jpg\" data-elementor-open-lightbox=\"yes\" data-elementor-lightbox-slideshow=\"cfb12b6\" data-elementor-lightbox-title=\"tomecano7-fot\u00f3grafos-(57-de-63)\" data-e-action-hash=\"#elementor-action%3Aaction%3Dlightbox%26settings%3DeyJpZCI6MjY0LCJ1cmwiOiJodHRwczpcL1wvY2xpbmljYWZlcm5hbmRlemlyaWFydGUuY29tXC93cC1jb250ZW50XC91cGxvYWRzXC8yMDIzXC8wOFwvdG9tZWNhbm83LWZvdG9ncmFmb3MtNTctZGUtNjMuanBnIiwic2xpZGVzaG93IjoiY2ZiMTJiNiJ9\">\n\t\t\t\t\t<div class=\"e-gallery-image elementor-gallery-item__image\" data-thumbnail=\"https:\/\/clinicafernandeziriarte.com\/wp-content\/uploads\/2023\/08\/tomecano7-fotografos-57-de-63-768x513.jpg\" data-width=\"768\" data-height=\"513\" aria-label=\"\" role=\"img\" ><\/div>\n\t\t\t\t\t\t\t\t\t\t\t\t\t\t<\/a>\n\t\t\t\t\t<\/div>\n\t\t\t<\/div>\n\t\t\t\t<\/div>\n\t\t\t\t\t<\/div>\n\t\t<\/div>\n\t\t\t\t\t\t\t<\/div>\n\t\t<\/section>\n\t\t\t\t\t\t\t<\/div>\n\t\t","protected":false},"excerpt":{"rendered":"<p>Los ejercicios de Pilates est\u00e1n destinados a mejorar la funci\u00f3n corporal en fases iniciales de tratamiento de una patolog\u00eda, en fases posteriores de mantenimiento o mejora del estado f\u00edsico, e incluso a nivel deportivo, previniendo lesiones y mejorando del rendimiento. Adem\u00e1s, es una de las herramientas con la que cuenta el fisioterapeuta para aplicar ejercicio [&hellip;]<\/p>\n","protected":false},"author":1,"featured_media":0,"parent":0,"menu_order":0,"comment_status":"closed","ping_status":"closed","template":"","meta":{"footnotes":""},"class_list":["post-254","page","type-page","status-publish","hentry"],"yoast_head":"<!-- This site is optimized with the Yoast SEO plugin v21.2 - https:\/\/yoast.com\/wordpress\/plugins\/seo\/ -->\n<title>Pilates M\u00e1quinas - Cl&iacute;nica Fern&aacute;ndez<\/title>\n<meta name=\"robots\" content=\"index, follow, max-snippet:-1, max-image-preview:large, max-video-preview:-1\" \/>\n<link rel=\"canonical\" href=\"https:\/\/clinicafernandeziriarte.com\/?page_id=254\" \/>\n<meta property=\"og:locale\" content=\"es_ES\" \/>\n<meta property=\"og:type\" content=\"article\" \/>\n<meta property=\"og:title\" content=\"Pilates M\u00e1quinas - Cl&iacute;nica Fern&aacute;ndez\" \/>\n<meta property=\"og:description\" content=\"Los ejercicios de Pilates est\u00e1n destinados a mejorar la funci\u00f3n corporal en fases iniciales de tratamiento de una patolog\u00eda, en fases posteriores de mantenimiento o mejora del estado f\u00edsico, e incluso a nivel deportivo, previniendo lesiones y mejorando del rendimiento. Adem\u00e1s, es una de las herramientas con la que cuenta el fisioterapeuta para aplicar ejercicio [&hellip;]\" \/>\n<meta property=\"og:url\" content=\"https:\/\/clinicafernandeziriarte.com\/?page_id=254\" \/>\n<meta property=\"og:site_name\" content=\"Cl&iacute;nica Fern&aacute;ndez\" \/>\n<meta property=\"article:modified_time\" content=\"2023-08-19T09:49:17+00:00\" \/>\n<meta name=\"twitter:card\" content=\"summary_large_image\" \/>\n<meta name=\"twitter:label1\" content=\"Tiempo de lectura\" \/>\n\t<meta name=\"twitter:data1\" content=\"1 minuto\" \/>\n<script type=\"application\/ld+json\" class=\"yoast-schema-graph\">{\"@context\":\"https:\/\/schema.org\",\"@graph\":[{\"@type\":\"WebPage\",\"@id\":\"https:\/\/clinicafernandeziriarte.com\/?page_id=254\",\"url\":\"https:\/\/clinicafernandeziriarte.com\/?page_id=254\",\"name\":\"Pilates M\u00e1quinas - Cl&iacute;nica Fern&aacute;ndez\",\"isPartOf\":{\"@id\":\"https:\/\/clinicafernandeziriarte.com\/#website\"},\"datePublished\":\"2023-08-19T09:45:25+00:00\",\"dateModified\":\"2023-08-19T09:49:17+00:00\",\"breadcrumb\":{\"@id\":\"https:\/\/clinicafernandeziriarte.com\/?page_id=254#breadcrumb\"},\"inLanguage\":\"es\",\"potentialAction\":[{\"@type\":\"ReadAction\",\"target\":[\"https:\/\/clinicafernandeziriarte.com\/?page_id=254\"]}]},{\"@type\":\"BreadcrumbList\",\"@id\":\"https:\/\/clinicafernandeziriarte.com\/?page_id=254#breadcrumb\",\"itemListElement\":[{\"@type\":\"ListItem\",\"position\":1,\"name\":\"Portada\",\"item\":\"https:\/\/clinicafernandeziriarte.com\/\"},{\"@type\":\"ListItem\",\"position\":2,\"name\":\"Pilates M\u00e1quinas\"}]},{\"@type\":\"WebSite\",\"@id\":\"https:\/\/clinicafernandeziriarte.com\/#website\",\"url\":\"https:\/\/clinicafernandeziriarte.com\/\",\"name\":\"Cl&iacute;nica Fern&aacute;ndez\",\"description\":\"Cl&iacute;nica de Fisioterapia especializada en terapia manual para el cuidado de su salud.\",\"potentialAction\":[{\"@type\":\"SearchAction\",\"target\":{\"@type\":\"EntryPoint\",\"urlTemplate\":\"https:\/\/clinicafernandeziriarte.com\/?s={search_term_string}\"},\"query-input\":\"required name=search_term_string\"}],\"inLanguage\":\"es\"}]}<\/script>\n<!-- \/ Yoast SEO plugin. -->","yoast_head_json":{"title":"Pilates M\u00e1quinas - Cl&iacute;nica Fern&aacute;ndez","robots":{"index":"index","follow":"follow","max-snippet":"max-snippet:-1","max-image-preview":"max-image-preview:large","max-video-preview":"max-video-preview:-1"},"canonical":"https:\/\/clinicafernandeziriarte.com\/?page_id=254","og_locale":"es_ES","og_type":"article","og_title":"Pilates M\u00e1quinas - Cl&iacute;nica Fern&aacute;ndez","og_description":"Los ejercicios de Pilates est\u00e1n destinados a mejorar la funci\u00f3n corporal en fases iniciales de tratamiento de una patolog\u00eda, en fases posteriores de mantenimiento o mejora del estado f\u00edsico, e incluso a nivel deportivo, previniendo lesiones y mejorando del rendimiento. Adem\u00e1s, es una de las herramientas con la que cuenta el fisioterapeuta para aplicar ejercicio [&hellip;]","og_url":"https:\/\/clinicafernandeziriarte.com\/?page_id=254","og_site_name":"Cl&iacute;nica Fern&aacute;ndez","article_modified_time":"2023-08-19T09:49:17+00:00","twitter_card":"summary_large_image","twitter_misc":{"Tiempo de lectura":"1 minuto"},"schema":{"@context":"https:\/\/schema.org","@graph":[{"@type":"WebPage","@id":"https:\/\/clinicafernandeziriarte.com\/?page_id=254","url":"https:\/\/clinicafernandeziriarte.com\/?page_id=254","name":"Pilates M\u00e1quinas - Cl&iacute;nica Fern&aacute;ndez","isPartOf":{"@id":"https:\/\/clinicafernandeziriarte.com\/#website"},"datePublished":"2023-08-19T09:45:25+00:00","dateModified":"2023-08-19T09:49:17+00:00","breadcrumb":{"@id":"https:\/\/clinicafernandeziriarte.com\/?page_id=254#breadcrumb"},"inLanguage":"es","potentialAction":[{"@type":"ReadAction","target":["https:\/\/clinicafernandeziriarte.com\/?page_id=254"]}]},{"@type":"BreadcrumbList","@id":"https:\/\/clinicafernandeziriarte.com\/?page_id=254#breadcrumb","itemListElement":[{"@type":"ListItem","position":1,"name":"Portada","item":"https:\/\/clinicafernandeziriarte.com\/"},{"@type":"ListItem","position":2,"name":"Pilates M\u00e1quinas"}]},{"@type":"WebSite","@id":"https:\/\/clinicafernandeziriarte.com\/#website","url":"https:\/\/clinicafernandeziriarte.com\/","name":"Cl&iacute;nica Fern&aacute;ndez","description":"Cl&iacute;nica de Fisioterapia especializada en terapia manual para el cuidado de su salud.","potentialAction":[{"@type":"SearchAction","target":{"@type":"EntryPoint","urlTemplate":"https:\/\/clinicafernandeziriarte.com\/?s={search_term_string}"},"query-input":"required name=search_term_string"}],"inLanguage":"es"}]}},"_links":{"self":[{"href":"https:\/\/clinicafernandeziriarte.com\/index.php?rest_route=\/wp\/v2\/pages\/254","targetHints":{"allow":["GET"]}}],"collection":[{"href":"https:\/\/clinicafernandeziriarte.com\/index.php?rest_route=\/wp\/v2\/pages"}],"about":[{"href":"https:\/\/clinicafernandeziriarte.com\/index.php?rest_route=\/wp\/v2\/types\/page"}],"author":[{"embeddable":true,"href":"https:\/\/clinicafernandeziriarte.com\/index.php?rest_route=\/wp\/v2\/users\/1"}],"replies":[{"embeddable":true,"href":"https:\/\/clinicafernandeziriarte.com\/index.php?rest_route=%2Fwp%2Fv2%2Fcomments&post=254"}],"version-history":[{"count":7,"href":"https:\/\/clinicafernandeziriarte.com\/index.php?rest_route=\/wp\/v2\/pages\/254\/revisions"}],"predecessor-version":[{"id":267,"href":"https:\/\/clinicafernandeziriarte.com\/index.php?rest_route=\/wp\/v2\/pages\/254\/revisions\/267"}],"wp:attachment":[{"href":"https:\/\/clinicafernandeziriarte.com\/index.php?rest_route=%2Fwp%2Fv2%2Fmedia&parent=254"}],"curies":[{"name":"wp","href":"https:\/\/api.w.org\/{rel}","templated":true}]}}